{"id":16526,"date":"2021-01-15T21:47:09","date_gmt":"2021-01-15T20:47:09","guid":{"rendered":"https:\/\/stummfilm.tecbits.de\/v4\/referenzen\/"},"modified":"2026-02-21T15:48:09","modified_gmt":"2026-02-21T14:48:09","slug":"references","status":"publish","type":"page","link":"https:\/\/www.stummfilm-live.de\/en\/references\/","title":{"rendered":"References"},"content":{"rendered":"<div id=\"cmsmasters_row_dwtvrnj19p\" class=\"cmsmasters_row cmsmasters_color_scheme_default cmsmasters_row_top_default cmsmasters_row_bot_default cmsmasters_row_boxed\">\n<div class=\"cmsmasters_row_outer_parent\">\n<div class=\"cmsmasters_row_outer\">\n<div class=\"cmsmasters_row_inner\">\n<div class=\"cmsmasters_row_margin\">\n<div id=\"cmsmasters_column_qgrkoenubk\" class=\"cmsmasters_column one_first\">\n<div class=\"cmsmasters_column_inner\"><div id=\"cmsmasters_heading_b5iipqdlsj\" class=\"cmsmasters_heading_wrap cmsmasters_heading_align_left\">\n\t<h2 class=\"cmsmasters_heading\">Please read further for a selection of personal references and newspaper articles about performances and other projects.<\/h2>\n<\/div><div class=\"aligncenter\"><div class=\"cmsmasters_img  cmsmasters_image_c\"><img decoding=\"async\" src=\"https:\/\/www.stummfilm-live.de\/wp-content\/uploads\/2021\/01\/referencesindex.jpg\" \/><\/div><\/div>\n<\/div><\/div>\n<\/div>\n<\/div>\n<\/div>\n<\/div>\n<\/div>\n<div id=\"cmsmasters_row_7f03d0cddf\" class=\"cmsmasters_row cmsmasters_color_scheme_default cmsmasters_row_top_default cmsmasters_row_bot_default cmsmasters_row_boxed\">\n<div class=\"cmsmasters_row_outer_parent\">\n<div class=\"cmsmasters_row_outer\">\n<div class=\"cmsmasters_row_inner\">\n<div class=\"cmsmasters_row_margin cmsmasters_row_columns_behavior\">\n<div id=\"cmsmasters_column_239efdfaa5\" class=\"cmsmasters_column one_third\">\n<div class=\"cmsmasters_column_inner\"><div id=\"cmsmasters_fb_lqt98ehflm\" class=\"cmsmasters_featured_block\">\n<div class=\"featured_block_inner\">\n<div class=\"featured_block_text\">\n<div><div id=\"cmsmasters_heading_\" class=\"cmsmasters_heading_wrap cmsmasters_heading_align_center\">\n\t<h3 class=\"cmsmasters_heading\"><a href=\"https:\/\/www.stummfilm-live.de\/en\/references\/movies\/\">Movies<\/a><\/h3>\n<\/div><\/div>\n\n<\/div>\n<\/div>\n<\/div>\n<\/div><\/div>\n<div id=\"cmsmasters_column_951f09d828\" class=\"cmsmasters_column one_third\">\n<div class=\"cmsmasters_column_inner\"><div id=\"cmsmasters_fb_qq01hmu16\" class=\"cmsmasters_featured_block\">\n<div class=\"featured_block_inner\">\n<div class=\"featured_block_text\">\n<div><div id=\"cmsmasters_heading_\" class=\"cmsmasters_heading_wrap cmsmasters_heading_align_center\">\n\t<h3 class=\"cmsmasters_heading\"><a href=\"https:\/\/www.stummfilm-live.de\/en\/references\/venues\/\">Venues<\/a><\/h3>\n<\/div><\/div>\n\n<\/div>\n<\/div>\n<\/div>\n<\/div><\/div>\n<div id=\"cmsmasters_column_a4b759455a\" class=\"cmsmasters_column one_third\">\n<div class=\"cmsmasters_column_inner\"><div id=\"cmsmasters_fb_ayu422597o\" class=\"cmsmasters_featured_block\">\n<div class=\"featured_block_inner\">\n<div class=\"featured_block_text\">\n<div><div id=\"cmsmasters_heading_\" class=\"cmsmasters_heading_wrap cmsmasters_heading_align_center\">\n\t<h3 class=\"cmsmasters_heading\"><a href=\"https:\/\/www.stummfilm-live.de\/en\/references\/people\/\">Partners<\/a><\/h3>\n<\/div><\/div>\n\n<\/div>\n<\/div>\n<\/div>\n<\/div><\/div>\n<\/div>\n<\/div>\n<\/div>\n<\/div>\n<\/div>\n<div id=\"cmsmasters_row_97a10e457e\" class=\"cmsmasters_row cmsmasters_color_scheme_fourth cmsmasters_row_top_default cmsmasters_row_bot_default cmsmasters_row_boxed\">\n<div class=\"cmsmasters_row_outer_parent\">\n<div class=\"cmsmasters_row_outer\">\n<div class=\"cmsmasters_row_inner\">\n<div class=\"cmsmasters_row_margin\">\n<div id=\"cmsmasters_column_ddb3824c6a\" class=\"cmsmasters_column one_first\">\n<div class=\"cmsmasters_column_inner\"><div class=\"cmsmasters_quotes cmsmasters_quotes_grid quote_two\">\n<span class=\"cmsmasters_quotes_vert\"><span><\/span><\/span><div class=\"cmsmasters_quotes_list\">\n<div class=\"cmsmasters_quote\">\n<!-- Start Quote Grid Article -->\r\n<article class=\"cmsmasters_quote_inner quote_without_img\"><div class=\"cmsmasters_quote_img_info_wrap\"><div class=\"cmsmasters_quote_info_wrap\"><header class=\"cmsmasters_quote_header\"><h3 class=\"cmsmasters_quote_title\">K. P., WAZ Westdeutsche Allgemeine Zeitung<\/h3><\/header><div class=\"cmsmasters_quote_subtitle_wrap\"><span class=\"cmsmasters_quote_site\">Zum Artikel<\/span><\/div><\/div><\/div><div class=\"cmsmasters_quote_content\">\n<p>&#8220;&#8230; besser kann man einen Stummfilm mit Livemusik-Begleitung nicht pr\u00e4sentieren&#8230;&#8221;<\/p>\n<\/div><\/article>\r\n<!-- Finish Quote Grid Article -->\r\n\r\n<\/div>\n<div class=\"cmsmasters_quote\">\n<!-- Start Quote Grid Article -->\r\n<article class=\"cmsmasters_quote_inner quote_without_img\"><div class=\"cmsmasters_quote_img_info_wrap\"><div class=\"cmsmasters_quote_info_wrap\"><header class=\"cmsmasters_quote_header\"><h3 class=\"cmsmasters_quote_title\">I. Abou-Rasched, K\u00f6lner Stadtanzeiger<\/h3><\/header><div class=\"cmsmasters_quote_subtitle_wrap\"><span class=\"cmsmasters_quote_site\">Zum Artikel<\/span><\/div><\/div><\/div><div class=\"cmsmasters_quote_content\">\n<p>&#8220;&#8230;er gibt Stummfilmen eine Seele&#8230;&#8221;<\/p>\n<\/div><\/article>\r\n<!-- Finish Quote Grid Article -->\r\n\r\n<\/div>\n<\/div><div class=\"cmsmasters_quotes_list\"><div class=\"cmsmasters_quote\">\n<!-- Start Quote Grid Article -->\r\n<article class=\"cmsmasters_quote_inner quote_without_img\"><div class=\"cmsmasters_quote_img_info_wrap\"><div class=\"cmsmasters_quote_info_wrap\"><header class=\"cmsmasters_quote_header\"><h3 class=\"cmsmasters_quote_title\">S. Kinzler, K\u00f6lnische Rundschau<\/h3><\/header><div class=\"cmsmasters_quote_subtitle_wrap\"><span class=\"cmsmasters_quote_site\">Zum Artikel<\/span><\/div><\/div><\/div><div class=\"cmsmasters_quote_content\">\n<p>&#8220;&#8230;noch bevor das Licht wieder anging, setzten Beifallst\u00fcrme ein&#8230;&#8221;<\/p>\n<\/div><\/article>\r\n<!-- Finish Quote Grid Article -->\r\n\r\n<\/div>\n<div class=\"cmsmasters_quote\">\n<!-- Start Quote Grid Article -->\r\n<article class=\"cmsmasters_quote_inner quote_without_img\"><div class=\"cmsmasters_quote_img_info_wrap\"><div class=\"cmsmasters_quote_info_wrap\"><header class=\"cmsmasters_quote_header\"><h3 class=\"cmsmasters_quote_title\">D. van Oeffelen, NRZ<\/h3><\/header><div class=\"cmsmasters_quote_subtitle_wrap\"><span class=\"cmsmasters_quote_site\">Zum Artikel<\/span><\/div><\/div><\/div><div class=\"cmsmasters_quote_content\">\n<p>&#8220;Wenn sich die K\u00f6lner St. Rochuskirche zeitweise in einen \u00fcberdimensionalen Kinosaal verwandelt, in dem Stummfilme \u00fcber die Leinwand flimmern, wenn die Kirche heute als Geheimtipp f\u00fcr experimentelle und neue Musik gilt, dann darf als einer der Initiatoren.. Wilfried Kaets genannt werden&#8230;&#8221;<\/p>\n<\/div><\/article>\r\n<!-- Finish Quote Grid Article -->\r\n\r\n<\/div>\n<span class=\"cl\"><\/span><\/div>\n<\/div>\n<\/div><\/div>\n<\/div>\n<\/div>\n<\/div>\n<\/div>\n<\/div>\n<div id=\"cmsmasters_row_toobsrlwza\" class=\"cmsmasters_row cmsmasters_color_scheme_default cmsmasters_row_top_default cmsmasters_row_bot_default cmsmasters_row_boxed\">\n<div class=\"cmsmasters_row_outer_parent\">\n<div class=\"cmsmasters_row_outer\">\n<div class=\"cmsmasters_row_inner\">\n<div class=\"cmsmasters_row_margin\">\n<div id=\"cmsmasters_column_z3e8h79n3j\" class=\"cmsmasters_column one_first\">\n<div class=\"cmsmasters_column_inner\"><div id=\"cmsmasters_heading_n9xnou824h\" class=\"cmsmasters_heading_wrap cmsmasters_heading_align_left\">\n\t<h2 class=\"cmsmasters_heading\">Projects<\/h2>\n<\/div>\n<\/div><\/div>\n<\/div>\n<\/div>\n<\/div>\n<\/div>\n<\/div>\n<div id=\"cmsmasters_row_uug3jg1p9g\" class=\"cmsmasters_row cmsmasters_color_scheme_default cmsmasters_row_top_default cmsmasters_row_bot_default cmsmasters_row_boxed\">\n<div class=\"cmsmasters_row_outer_parent\">\n<div class=\"cmsmasters_row_outer\">\n<div class=\"cmsmasters_row_inner\">\n<div class=\"cmsmasters_row_margin\">\n<div id=\"cmsmasters_column_j4k92h6gao\" class=\"cmsmasters_column one_first\">\n<div class=\"cmsmasters_column_inner\"><div id=\"cmsmasters_heading_p4outu0d9w\" class=\"cmsmasters_heading_wrap cmsmasters_heading_align_center\">\n\t<h3 class=\"cmsmasters_heading\">Collaboration at Silent Film Festivals<\/h3>\n<\/div><div id=\"cmsmasters_fb_o2k8lv9e7i\" class=\"cmsmasters_featured_block\">\n<div class=\"featured_block_inner\">\n<div class=\"featured_block_text\">\n<ul>\n<li>&#8220;Filmkunst &#8211; Augenlust&#8221; Bochum<\/li>\n<li>&#8220;Stummfilm &#8211; Live&#8221; Leipzig<\/li>\n<li>&#8220;Theaterfilmfestival Shakespeare&#8221; Essen<\/li>\n<li>&#8220;Bewegte Bilder &#8211; Eine Geschichte des Stummfilms&#8221; Hagen<\/li>\n<li>&#8220;Avantgarde &#8211; Filme der zwanziger Jahre&#8221; Leipzig<\/li>\n<li>&#8220;Harry Piel &#8211; Der Mann ohne Nerven&#8221; D\u00fcsseldorf<\/li>\n<\/ul>\n\n<\/div>\n<\/div>\n<\/div>\n<\/div><\/div>\n<\/div>\n<\/div>\n<\/div>\n<\/div>\n<\/div>\n<div id=\"cmsmasters_row_a1dlvcee2i\" class=\"cmsmasters_row cmsmasters_color_scheme_default cmsmasters_row_top_default cmsmasters_row_bot_default cmsmasters_row_boxed\">\n<div class=\"cmsmasters_row_outer_parent\">\n<div class=\"cmsmasters_row_outer\">\n<div class=\"cmsmasters_row_inner\">\n<div class=\"cmsmasters_row_margin\">\n<div id=\"cmsmasters_column_gj59ji526j\" class=\"cmsmasters_column one_first\">\n<div class=\"cmsmasters_column_inner\"><div id=\"cmsmasters_heading_23rh2zww4j\" class=\"cmsmasters_heading_wrap cmsmasters_heading_align_center\">\n\t<h3 class=\"cmsmasters_heading\">Collaboration in extensive retrospectives<\/h3>\n<\/div><div id=\"cmsmasters_fb_5wbx9nv4p7\" class=\"cmsmasters_featured_block\">\n<div class=\"featured_block_inner\">\n<div class=\"featured_block_text\">\n<p style=\"text-align: center;\" align=\"left\"><strong>(Filmmuseum D\u00fcsseldorf, Filmmuseum Frankfurt,\u00a0<\/strong><strong>Filminstitut Dresden,<\/strong><strong>\u00a0nato Leipzig)<\/strong><\/p>\n\n<\/div>\n<\/div>\n<\/div>\n<\/div><\/div>\n<\/div>\n<\/div>\n<\/div>\n<\/div>\n<\/div>\n<div id=\"cmsmasters_row_na1adt7at\" class=\"cmsmasters_row cmsmasters_color_scheme_default cmsmasters_row_top_default cmsmasters_row_bot_default cmsmasters_row_boxed\">\n<div class=\"cmsmasters_row_outer_parent\">\n<div class=\"cmsmasters_row_outer\">\n<div class=\"cmsmasters_row_inner\">\n<div class=\"cmsmasters_row_margin\">\n<div id=\"cmsmasters_column_9q6rbbls8r\" class=\"cmsmasters_column one_half\">\n<div class=\"cmsmasters_column_inner\"><div id=\"cmsmasters_fb_7866wzs0z9\" class=\"cmsmasters_featured_block\">\n<div class=\"featured_block_inner\">\n<div class=\"featured_block_text\">\n<ul>\n<li>Sergei Eisenstein<\/li>\n<li>Erich von Stroheim<\/li>\n<li>Fritz Lang<\/li>\n<li>Friedrich Wilhelm Murnau<\/li>\n<li>Carl Theodor Dreyer<\/li>\n<li>G.W. Pabst<\/li>\n<li>Charles Chaplin<\/li>\n<li>Man Ray<\/li>\n<li>Hans Richter<\/li>\n<li>Lew Kuleschow<\/li>\n<\/ul>\n\n<\/div>\n<\/div>\n<\/div>\n<\/div><\/div>\n<div id=\"cmsmasters_column_lb7mwn65pi\" class=\"cmsmasters_column one_half\">\n<div class=\"cmsmasters_column_inner\"><div id=\"cmsmasters_fb_3zd8ydmeq\" class=\"cmsmasters_featured_block\">\n<div class=\"featured_block_inner\">\n<div class=\"featured_block_text\">\n<ul>\n<li>Walter Ruttmann<\/li>\n<li>Alfred Hitchcock<\/li>\n<li>Louis Feuillade<\/li>\n<li>Georges Meli\u00e9s<\/li>\n<li>Louis und Auguste Lumi\u00e9re<\/li>\n<li>David Wark Griffith<\/li>\n<li>Buster Keaton<\/li>\n<li>Abel Gance<\/li>\n<li>Wsewolod Pudowkin<\/li>\n<\/ul>\n\n<\/div>\n<\/div>\n<\/div>\n<\/div><\/div>\n<\/div>\n<\/div>\n<\/div>\n<\/div>\n<\/div>\n\n","protected":false},"excerpt":{"rendered":"","protected":false},"author":1,"featured_media":0,"parent":0,"menu_order":0,"comment_status":"closed","ping_status":"open","template":"","meta":{"_price":"","_stock":"","_tribe_ticket_header":"","_tribe_default_ticket_provider":"","_tribe_ticket_capacity":"0","_ticket_start_date":"","_ticket_end_date":"","_tribe_ticket_show_description":"","_tribe_ticket_show_not_going":false,"_tribe_ticket_use_global_stock":"","_tribe_ticket_global_stock_level":"","_global_stock_mode":"","_global_stock_cap":"","_tribe_rsvp_for_event":"","_tribe_ticket_going_count":"","_tribe_ticket_not_going_count":"","_tribe_tickets_list":"[]","_tribe_ticket_has_attendee_info_fields":false,"footnotes":"","_tec_slr_enabled":"","_tec_slr_layout":""},"class_list":["post-16526","page","type-page","status-publish","hentry"],"yoast_head":"<!-- This site is optimized with the Yoast SEO plugin v27.5 - https:\/\/yoast.com\/product\/yoast-seo-wordpress\/ -->\n<title>References - Stummfilm-Live<\/title>\n<meta name=\"robots\" content=\"index, follow, max-snippet:-1, max-image-preview:large, max-video-preview:-1\" \/>\n<link rel=\"canonical\" href=\"https:\/\/www.stummfilm-live.de\/en\/references\/\" \/>\n<meta property=\"og:locale\" content=\"en_US\" \/>\n<meta property=\"og:type\" content=\"article\" \/>\n<meta property=\"og:title\" content=\"References - Stummfilm-Live\" \/>\n<meta property=\"og:url\" content=\"https:\/\/www.stummfilm-live.de\/en\/references\/\" \/>\n<meta property=\"og:site_name\" content=\"Stummfilm-Live\" \/>\n<meta property=\"article:modified_time\" content=\"2026-02-21T14:48:09+00:00\" \/>\n<meta name=\"twitter:card\" content=\"summary_large_image\" \/>\n<meta name=\"twitter:label1\" content=\"Est. reading time\" \/>\n\t<meta name=\"twitter:data1\" content=\"3 minutes\" \/>\n<script type=\"application\/ld+json\" class=\"yoast-schema-graph\">{\"@context\":\"https:\\\/\\\/schema.org\",\"@graph\":[{\"@type\":\"WebPage\",\"@id\":\"https:\\\/\\\/www.stummfilm-live.de\\\/en\\\/references\\\/\",\"url\":\"https:\\\/\\\/www.stummfilm-live.de\\\/en\\\/references\\\/\",\"name\":\"References - Stummfilm-Live\",\"isPartOf\":{\"@id\":\"https:\\\/\\\/www.stummfilm-live.de\\\/#website\"},\"datePublished\":\"2021-01-15T20:47:09+00:00\",\"dateModified\":\"2026-02-21T14:48:09+00:00\",\"breadcrumb\":{\"@id\":\"https:\\\/\\\/www.stummfilm-live.de\\\/en\\\/references\\\/#breadcrumb\"},\"inLanguage\":\"en-US\",\"potentialAction\":[{\"@type\":\"ReadAction\",\"target\":[\"https:\\\/\\\/www.stummfilm-live.de\\\/en\\\/references\\\/\"]}]},{\"@type\":\"BreadcrumbList\",\"@id\":\"https:\\\/\\\/www.stummfilm-live.de\\\/en\\\/references\\\/#breadcrumb\",\"itemListElement\":[{\"@type\":\"ListItem\",\"position\":1,\"name\":\"Home\",\"item\":\"https:\\\/\\\/www.stummfilm-live.de\\\/en\\\/\"},{\"@type\":\"ListItem\",\"position\":2,\"name\":\"References\"}]},{\"@type\":\"WebSite\",\"@id\":\"https:\\\/\\\/www.stummfilm-live.de\\\/#website\",\"url\":\"https:\\\/\\\/www.stummfilm-live.de\\\/\",\"name\":\"Stummfilm-Live\",\"description\":\"Internetseite des Stummfilmkomponisten und -interpreten Wilfried Kaets.\",\"potentialAction\":[{\"@type\":\"SearchAction\",\"target\":{\"@type\":\"EntryPoint\",\"urlTemplate\":\"https:\\\/\\\/www.stummfilm-live.de\\\/?s={search_term_string}\"},\"query-input\":{\"@type\":\"PropertyValueSpecification\",\"valueRequired\":true,\"valueName\":\"search_term_string\"}}],\"inLanguage\":\"en-US\"}]}<\/script>\n<!-- \/ Yoast SEO plugin. -->","yoast_head_json":{"title":"References - Stummfilm-Live","robots":{"index":"index","follow":"follow","max-snippet":"max-snippet:-1","max-image-preview":"max-image-preview:large","max-video-preview":"max-video-preview:-1"},"canonical":"https:\/\/www.stummfilm-live.de\/en\/references\/","og_locale":"en_US","og_type":"article","og_title":"References - Stummfilm-Live","og_url":"https:\/\/www.stummfilm-live.de\/en\/references\/","og_site_name":"Stummfilm-Live","article_modified_time":"2026-02-21T14:48:09+00:00","twitter_card":"summary_large_image","twitter_misc":{"Est. reading time":"3 minutes"},"schema":{"@context":"https:\/\/schema.org","@graph":[{"@type":"WebPage","@id":"https:\/\/www.stummfilm-live.de\/en\/references\/","url":"https:\/\/www.stummfilm-live.de\/en\/references\/","name":"References - Stummfilm-Live","isPartOf":{"@id":"https:\/\/www.stummfilm-live.de\/#website"},"datePublished":"2021-01-15T20:47:09+00:00","dateModified":"2026-02-21T14:48:09+00:00","breadcrumb":{"@id":"https:\/\/www.stummfilm-live.de\/en\/references\/#breadcrumb"},"inLanguage":"en-US","potentialAction":[{"@type":"ReadAction","target":["https:\/\/www.stummfilm-live.de\/en\/references\/"]}]},{"@type":"BreadcrumbList","@id":"https:\/\/www.stummfilm-live.de\/en\/references\/#breadcrumb","itemListElement":[{"@type":"ListItem","position":1,"name":"Home","item":"https:\/\/www.stummfilm-live.de\/en\/"},{"@type":"ListItem","position":2,"name":"References"}]},{"@type":"WebSite","@id":"https:\/\/www.stummfilm-live.de\/#website","url":"https:\/\/www.stummfilm-live.de\/","name":"Stummfilm-Live","description":"Internetseite des Stummfilmkomponisten und -interpreten Wilfried Kaets.","potentialAction":[{"@type":"SearchAction","target":{"@type":"EntryPoint","urlTemplate":"https:\/\/www.stummfilm-live.de\/?s={search_term_string}"},"query-input":{"@type":"PropertyValueSpecification","valueRequired":true,"valueName":"search_term_string"}}],"inLanguage":"en-US"}]}},"ticketed":false,"_links":{"self":[{"href":"https:\/\/www.stummfilm-live.de\/en\/wp-json\/wp\/v2\/pages\/16526","targetHints":{"allow":["GET"]}}],"collection":[{"href":"https:\/\/www.stummfilm-live.de\/en\/wp-json\/wp\/v2\/pages"}],"about":[{"href":"https:\/\/www.stummfilm-live.de\/en\/wp-json\/wp\/v2\/types\/page"}],"author":[{"embeddable":true,"href":"https:\/\/www.stummfilm-live.de\/en\/wp-json\/wp\/v2\/users\/1"}],"replies":[{"embeddable":true,"href":"https:\/\/www.stummfilm-live.de\/en\/wp-json\/wp\/v2\/comments?post=16526"}],"version-history":[{"count":10,"href":"https:\/\/www.stummfilm-live.de\/en\/wp-json\/wp\/v2\/pages\/16526\/revisions"}],"predecessor-version":[{"id":19847,"href":"https:\/\/www.stummfilm-live.de\/en\/wp-json\/wp\/v2\/pages\/16526\/revisions\/19847"}],"wp:attachment":[{"href":"https:\/\/www.stummfilm-live.de\/en\/wp-json\/wp\/v2\/media?parent=16526"}],"curies":[{"name":"wp","href":"https:\/\/api.w.org\/{rel}","templated":true}]}}